{"id":3061,"date":"2021-11-19T17:12:45","date_gmt":"2021-11-19T17:12:45","guid":{"rendered":"http:\/\/vasosdeplastico.com.mx\/?post_type=product&#038;p=3061"},"modified":"2021-11-19T17:12:45","modified_gmt":"2021-11-19T17:12:45","slug":"hielera-21-qt","status":"publish","type":"product","link":"https:\/\/vasosdeplastico.com.mx\/index.php\/product\/hielera-21-qt\/","title":{"rendered":"HIELERA 21 QT"},"content":{"rendered":"","protected":false},"excerpt":{"rendered":"<p>Podr\u00e1s llevarla a cualquier lugar de manera pr\u00e1ctica, ya que cuenta con un asa que facilita su transportaci\u00f3n y su conservaci\u00f3n de temperatura de 24 horas.<\/p>\n","protected":false},"featured_media":3064,"comment_status":"open","ping_status":"closed","template":"","meta":[],"product_cat":[66],"product_tag":[],"class_list":["post-3061","product","type-product","status-publish","has-post-thumbnail","hentry","product_cat-hieleras"],"_links":{"self":[{"href":"https:\/\/vasosdeplastico.com.mx\/index.php\/wp-json\/wp\/v2\/product\/3061","targetHints":{"allow":["GET"]}}],"collection":[{"href":"https:\/\/vasosdeplastico.com.mx\/index.php\/wp-json\/wp\/v2\/product"}],"about":[{"href":"https:\/\/vasosdeplastico.com.mx\/index.php\/wp-json\/wp\/v2\/types\/product"}],"replies":[{"embeddable":true,"href":"https:\/\/vasosdeplastico.com.mx\/index.php\/wp-json\/wp\/v2\/comments?post=3061"}],"wp:featuredmedia":[{"embeddable":true,"href":"https:\/\/vasosdeplastico.com.mx\/index.php\/wp-json\/wp\/v2\/media\/3064"}],"wp:attachment":[{"href":"https:\/\/vasosdeplastico.com.mx\/index.php\/wp-json\/wp\/v2\/media?parent=3061"}],"wp:term":[{"taxonomy":"product_cat","embeddable":true,"href":"https:\/\/vasosdeplastico.com.mx\/index.php\/wp-json\/wp\/v2\/product_cat?post=3061"},{"taxonomy":"product_tag","embeddable":true,"href":"https:\/\/vasosdeplastico.com.mx\/index.php\/wp-json\/wp\/v2\/product_tag?post=3061"}],"curies":[{"name":"wp","href":"https:\/\/api.w.org\/{rel}","templated":true}]}}